{"id":2,"date":"2014-10-30T17:02:48","date_gmt":"2014-10-30T17:02:48","guid":{"rendered":"http:\/\/allthitt.is\/wordpress\/?page_id=2"},"modified":"2015-05-04T13:30:21","modified_gmt":"2015-05-04T13:30:21","slug":"sample-page","status":"publish","type":"page","link":"http:\/\/allthitt.is\/?page_id=2","title":{"rendered":"Um Okkur"},"content":{"rendered":"<p>Fyrirt\u00e6ki\u00f0 Allt Hitt fyrir Heilsuna (Allt Hitt ehf.) er fj\u00f6lskyldu-fyrirt\u00e6ki stofna\u00f0 \u00ed ma\u00ed 2007. Allt Hitt ehf. er vaxandi fyrirt\u00e6ki me\u00f0 mikla m\u00f6guleika \u00e1 svi\u00f0i heilsu og heilbrig\u00f0s l\u00edfernis.\u00a0Hj\u00e1 Allt Hitt ehf. starfa fj\u00f3rir starfsmenn:<\/p>\n<p><strong>\u00d3lafur Einarsson<\/strong> framkv\u00e6mdastj\u00f3ri, rafeindai\u00f0nfr\u00e6\u00f0ingur og nemi \u00ed Heilsumeistarask\u00f3lanum. \u00d3lafur hefur einbeitt s\u00e9r a\u00f0 rafeindah\u00f6nnun \u00e1 Z-amplifiernum.<\/p>\n<p><strong>Bj\u00f6rg Marteinsd\u00f3ttir<\/strong>, Heilsumeistari, sj\u00e1lfsvarnarkennari og lei\u00f0beinandi me\u00f0 \u00f6llu h\u00f3pastarfi sem fram fer \u00e1 vegum Allt Hitt fyrir Heilsuna. N\u00e1nar m\u00e1 lesa um h\u00f3pastarf og n\u00e1mskei\u00f0 fr\u00e1 a\u00f0als\u00ed\u00f0u AlltHitt.is. Bj\u00f6rg er skr\u00e1\u00f0ur gr\u00e6\u00f0ari.<\/p>\n<p><strong>Matth\u00edas Orri \u00d3lafsson<\/strong> er forritari og vefh\u00f6nnu\u00f0ur Allt Hitt, hann vinnur einnig \u00ed marka\u00f0sm\u00e1lum fyrirt\u00e6kisins og s\u00e9r einnig um \u00f6ll t\u00f6lvum\u00e1l.<\/p>\n<p><strong>Shirah Christine \u00d3lafsson<\/strong> vinnur \u00ed marka\u00f0sm\u00e1lum, \u00e1samt \u00fev\u00ed a\u00f0 leita byrgja og afla annarra gagna \u00ed fj\u00e6r umhverfi Allt Hitt ehf.<\/p>\n","protected":false},"excerpt":{"rendered":"<p>Fyrirt\u00e6ki\u00f0 Allt Hitt fyrir Heilsuna (Allt Hitt ehf.) er fj\u00f6lskyldu-fyrirt\u00e6ki stofna\u00f0 \u00ed ma\u00ed 2007. Allt Hitt ehf. er vaxandi fyrirt\u00e6ki me\u00f0 mikla m\u00f6guleika \u00e1 svi\u00f0i heilsu og heilbrig\u00f0s l\u00edfernis.\u00a0Hj\u00e1 Allt Hitt ehf.<a class=\"moretag\" href=\"http:\/\/allthitt.is\/?page_id=2\">Read More&#8230;<\/a><\/p>\n","protected":false},"author":1,"featured_media":0,"parent":0,"menu_order":6,"comment_status":"closed","ping_status":"closed","template":"","meta":[],"_links":{"self":[{"href":"http:\/\/allthitt.is\/index.php?rest_route=\/wp\/v2\/pages\/2"}],"collection":[{"href":"http:\/\/allthitt.is\/index.php?rest_route=\/wp\/v2\/pages"}],"about":[{"href":"http:\/\/allthitt.is\/index.php?rest_route=\/wp\/v2\/types\/page"}],"author":[{"embeddable":true,"href":"http:\/\/allthitt.is\/index.php?rest_route=\/wp\/v2\/users\/1"}],"replies":[{"embeddable":true,"href":"http:\/\/allthitt.is\/index.php?rest_route=%2Fwp%2Fv2%2Fcomments&post=2"}],"version-history":[{"count":2,"href":"http:\/\/allthitt.is\/index.php?rest_route=\/wp\/v2\/pages\/2\/revisions"}],"predecessor-version":[{"id":75,"href":"http:\/\/allthitt.is\/index.php?rest_route=\/wp\/v2\/pages\/2\/revisions\/75"}],"wp:attachment":[{"href":"http:\/\/allthitt.is\/index.php?rest_route=%2Fwp%2Fv2%2Fmedia&parent=2"}],"curies":[{"name":"wp","href":"https:\/\/api.w.org\/{rel}","templated":true}]}}